{"id":25,"date":"2017-02-12T12:41:06","date_gmt":"2017-02-12T12:41:06","guid":{"rendered":"http:\/\/www.alpha-dent.ch\/?page_id=25"},"modified":"2018-04-24T15:24:36","modified_gmt":"2018-04-24T15:24:36","slug":"unsere-leistungen","status":"publish","type":"page","link":"https:\/\/www.alpha-dent.ch\/?page_id=25","title":{"rendered":"Unsere Leistungen"},"content":{"rendered":"<p>Wir sind flexibel und innovativ! Z\u00f6gern Sie nicht uns zu <a href=\"https:\/\/www.alpha-dent.ch\/?page_id=19\">kontaktieren<\/a>, wenn Sie ein spezielles Anliegen haben. Unsere Leistungen im \u00dcberblick:<\/p>\n<ul>\n<li><strong>\u00c4sthetische Vollkeramik<\/strong><\/li>\n<\/ul>\n<p style=\"padding-left: 60px;\">e-max (Glaskeramik)<br \/>\nInlays<br \/>\nVeneers<br \/>\nPresskeramik<br \/>\nZirkon<\/p>\n<ul>\n<li><strong>Kronen &amp; Br\u00fccken<\/strong><\/li>\n<\/ul>\n<p style=\"padding-left: 60px;\">Vollguss- Kronen und Br\u00fccken<br \/>\nVerblend- Kronen und Br\u00fccken<br \/>\nVollkeramik- Kronen und Br\u00fccken<br \/>\nSchwebebr\u00fccke<br \/>\nKlebebr\u00fccke<br \/>\nInlaybr\u00fccke<\/p>\n<ul>\n<li><strong>Implantatprothetik<\/strong><\/li>\n<\/ul>\n<p style=\"padding-left: 60px;\">Festsitzender + herausnehmender\u00a0 Zahnersatz auf verschiedenen Implantatsysteme<br \/>\nB. Camlog, Straumann, Dentsply Implants<br \/>\nSuprakonstruktionen<br \/>\nindividuelle Zirkonabutments<\/p>\n<ul>\n<li><strong>Fr\u00e4s- und Geschiebetechnik<\/strong><\/li>\n<\/ul>\n<p style=\"padding-left: 60px;\">Teleskop-\/ Konusprothetik z.B. NEM \/ Galvano<br \/>\nRiegeltechnik<br \/>\nStegtechnik<br \/>\nGeschiebeprothetik z.B. mit Vario -Soft 3, Doulock<\/p>\n<ul>\n<li><strong>Schienentechnik<\/strong><\/li>\n<\/ul>\n<p style=\"padding-left: 60px;\">Knirscherschienen<br \/>\nPositionsschienen<br \/>\nBleachingschienen<br \/>\nMund- \/ Sportschutz<br \/>\nSchnarcher- \/TAP-Schienen<\/p>\n<ul>\n<li><strong>Partielle- &amp; Totalprothetik<\/strong><\/li>\n<li><strong>Modellgusstechnik<\/strong><\/li>\n<li><strong>CAD\/CAM<\/strong><\/li>\n<\/ul>\n<p>Wie k\u00f6nnen wir Ihnen helfen? Gerne <a href=\"https:\/\/www.alpha-dent.ch\/?page_id=19\">beraten<\/a> wir Sie.<\/p>\n","protected":false},"excerpt":{"rendered":"<p>Wir sind flexibel und innovativ! Z\u00f6gern Sie nicht uns zu kontaktieren, wenn Sie ein spezielles Anliegen haben. Unsere Leistungen im \u00dcberblick: \u00c4sthetische Vollkeramik e-max (Glaskeramik) Inlays Veneers Presskeramik Zirkon Kronen &amp; Br\u00fccken Vollguss- Kronen und Br\u00fccken Verblend- Kronen und Br\u00fccken &hellip;<\/p>\n<p class=\"read-more\"> <a class=\"more-link\" href=\"https:\/\/www.alpha-dent.ch\/?page_id=25\"> <span class=\"screen-reader-text\">Unsere Leistungen<\/span> Weiterlesen &raquo;<\/a><\/p>\n","protected":false},"author":1,"featured_media":0,"parent":0,"menu_order":0,"comment_status":"closed","ping_status":"closed","template":"","meta":{"footnotes":""},"class_list":["post-25","page","type-page","status-publish","hentry"],"_links":{"self":[{"href":"https:\/\/www.alpha-dent.ch\/index.php?rest_route=\/wp\/v2\/pages\/25","targetHints":{"allow":["GET"]}}],"collection":[{"href":"https:\/\/www.alpha-dent.ch\/index.php?rest_route=\/wp\/v2\/pages"}],"about":[{"href":"https:\/\/www.alpha-dent.ch\/index.php?rest_route=\/wp\/v2\/types\/page"}],"author":[{"embeddable":true,"href":"https:\/\/www.alpha-dent.ch\/index.php?rest_route=\/wp\/v2\/users\/1"}],"replies":[{"embeddable":true,"href":"https:\/\/www.alpha-dent.ch\/index.php?rest_route=%2Fwp%2Fv2%2Fcomments&post=25"}],"version-history":[{"count":9,"href":"https:\/\/www.alpha-dent.ch\/index.php?rest_route=\/wp\/v2\/pages\/25\/revisions"}],"predecessor-version":[{"id":195,"href":"https:\/\/www.alpha-dent.ch\/index.php?rest_route=\/wp\/v2\/pages\/25\/revisions\/195"}],"wp:attachment":[{"href":"https:\/\/www.alpha-dent.ch\/index.php?rest_route=%2Fwp%2Fv2%2Fmedia&parent=25"}],"curies":[{"name":"wp","href":"https:\/\/api.w.org\/{rel}","templated":true}]}}