{"id":23,"date":"2017-02-12T12:40:42","date_gmt":"2017-02-12T12:40:42","guid":{"rendered":"http:\/\/www.alpha-dent.ch\/?page_id=23"},"modified":"2026-03-16T08:14:01","modified_gmt":"2026-03-16T08:14:01","slug":"ueber-uns","status":"publish","type":"page","link":"https:\/\/www.alpha-dent.ch\/?page_id=23","title":{"rendered":"\u00dcber uns"},"content":{"rendered":"<p>Das Dental-Labor AlphaDent GmbH wurde im Jahr 2010 in Wallisellen neu er\u00f6ffnet. Wir decken alle Bereiche der Zahntechnik in eigener Fertigung ab.<\/p>\n<p>Kontinuierlich wurden neue Entwicklungen eingef\u00fchrt, so dass unser Labor und unser 46 j\u00e4hriges Know How immer auf dem neusten Stand sind. Lasertechnik, Zirkon, E-max, CAD\/CAM und Implantatversorgungen geh\u00f6ren heute zu unserem technischen Standard.<\/p>\n<p>Bei unserer Arbeit legen wir gro\u00dfen Wert auf eine vertrauensvolle Kundenbindung, denn f\u00fcr eine optimale Patientenversorgung ist dies unumg\u00e4nglich. Durch Individualit\u00e4t, Qualit\u00e4t und pers\u00f6nliches Engagement schaffen wir die Voraussetzung f\u00fcr Zuverl\u00e4ssigkeit und die notwendige Pr\u00e4zision.<\/p>\n<p>Das Team der AlphaDent GmbH ist mit Herzblut bei der Sache und beratet Sie bei jedem zahntechnischen Anliegen.<\/p>\n<figure id=\"attachment_175\" aria-describedby=\"caption-attachment-175\" style=\"width: 300px\" class=\"wp-caption aligncenter\"><img loading=\"lazy\" decoding=\"async\" class=\"wp-image-175\" src=\"https:\/\/www.alpha-dent.ch\/wp-content\/uploads\/2017\/05\/IMG_4218-1-300x200.jpg\" alt=\"\" width=\"300\" height=\"200\" srcset=\"https:\/\/www.alpha-dent.ch\/wp-content\/uploads\/2017\/05\/IMG_4218-1-300x200.jpg 300w, https:\/\/www.alpha-dent.ch\/wp-content\/uploads\/2017\/05\/IMG_4218-1-768x512.jpg 768w, https:\/\/www.alpha-dent.ch\/wp-content\/uploads\/2017\/05\/IMG_4218-1-1024x683.jpg 1024w, https:\/\/www.alpha-dent.ch\/wp-content\/uploads\/2017\/05\/IMG_4218-1-100x67.jpg 100w, https:\/\/www.alpha-dent.ch\/wp-content\/uploads\/2017\/05\/IMG_4218-1-150x100.jpg 150w, https:\/\/www.alpha-dent.ch\/wp-content\/uploads\/2017\/05\/IMG_4218-1-200x133.jpg 200w, https:\/\/www.alpha-dent.ch\/wp-content\/uploads\/2017\/05\/IMG_4218-1-450x300.jpg 450w, https:\/\/www.alpha-dent.ch\/wp-content\/uploads\/2017\/05\/IMG_4218-1-600x400.jpg 600w, https:\/\/www.alpha-dent.ch\/wp-content\/uploads\/2017\/05\/IMG_4218-1-900x600.jpg 900w\" sizes=\"auto, (max-width: 300px) 100vw, 300px\" \/><figcaption id=\"caption-attachment-175\" class=\"wp-caption-text\">Richard Hess (Gesch\u00e4ftsf\u00fchrer \/ Laborleiter)<\/figcaption><\/figure>\n<div class=\"plain\">\n<div><\/div>\n<\/div>\n<div>\n<figure id=\"attachment_174\" aria-describedby=\"caption-attachment-174\" style=\"width: 300px\" class=\"wp-caption aligncenter\"><img loading=\"lazy\" decoding=\"async\" class=\"wp-image-174\" src=\"https:\/\/www.alpha-dent.ch\/wp-content\/uploads\/2017\/05\/IMG_4211-1-300x200.jpg\" alt=\"\" width=\"300\" height=\"200\" srcset=\"https:\/\/www.alpha-dent.ch\/wp-content\/uploads\/2017\/05\/IMG_4211-1-300x200.jpg 300w, https:\/\/www.alpha-dent.ch\/wp-content\/uploads\/2017\/05\/IMG_4211-1-768x512.jpg 768w, https:\/\/www.alpha-dent.ch\/wp-content\/uploads\/2017\/05\/IMG_4211-1-1024x683.jpg 1024w, https:\/\/www.alpha-dent.ch\/wp-content\/uploads\/2017\/05\/IMG_4211-1-100x67.jpg 100w, https:\/\/www.alpha-dent.ch\/wp-content\/uploads\/2017\/05\/IMG_4211-1-150x100.jpg 150w, https:\/\/www.alpha-dent.ch\/wp-content\/uploads\/2017\/05\/IMG_4211-1-200x133.jpg 200w, https:\/\/www.alpha-dent.ch\/wp-content\/uploads\/2017\/05\/IMG_4211-1-450x300.jpg 450w, https:\/\/www.alpha-dent.ch\/wp-content\/uploads\/2017\/05\/IMG_4211-1-600x400.jpg 600w, https:\/\/www.alpha-dent.ch\/wp-content\/uploads\/2017\/05\/IMG_4211-1-900x600.jpg 900w\" sizes=\"auto, (max-width: 300px) 100vw, 300px\" \/><figcaption id=\"caption-attachment-174\" class=\"wp-caption-text\">Barbara Hess (Zahntechnikerin)<\/figcaption><\/figure>\n<\/div>\n","protected":false},"excerpt":{"rendered":"<p>Das Dental-Labor AlphaDent GmbH wurde im Jahr 2010 in Wallisellen neu er\u00f6ffnet. Wir decken alle Bereiche der Zahntechnik in eigener Fertigung ab. Kontinuierlich wurden neue Entwicklungen eingef\u00fchrt, so dass unser Labor und unser 46 j\u00e4hriges Know How immer auf dem &hellip;<\/p>\n<p class=\"read-more\"> <a class=\"more-link\" href=\"https:\/\/www.alpha-dent.ch\/?page_id=23\"> <span class=\"screen-reader-text\">\u00dcber uns<\/span> Weiterlesen &raquo;<\/a><\/p>\n","protected":false},"author":1,"featured_media":0,"parent":0,"menu_order":0,"comment_status":"closed","ping_status":"closed","template":"","meta":{"footnotes":""},"class_list":["post-23","page","type-page","status-publish","hentry"],"_links":{"self":[{"href":"https:\/\/www.alpha-dent.ch\/index.php?rest_route=\/wp\/v2\/pages\/23","targetHints":{"allow":["GET"]}}],"collection":[{"href":"https:\/\/www.alpha-dent.ch\/index.php?rest_route=\/wp\/v2\/pages"}],"about":[{"href":"https:\/\/www.alpha-dent.ch\/index.php?rest_route=\/wp\/v2\/types\/page"}],"author":[{"embeddable":true,"href":"https:\/\/www.alpha-dent.ch\/index.php?rest_route=\/wp\/v2\/users\/1"}],"replies":[{"embeddable":true,"href":"https:\/\/www.alpha-dent.ch\/index.php?rest_route=%2Fwp%2Fv2%2Fcomments&post=23"}],"version-history":[{"count":17,"href":"https:\/\/www.alpha-dent.ch\/index.php?rest_route=\/wp\/v2\/pages\/23\/revisions"}],"predecessor-version":[{"id":205,"href":"https:\/\/www.alpha-dent.ch\/index.php?rest_route=\/wp\/v2\/pages\/23\/revisions\/205"}],"wp:attachment":[{"href":"https:\/\/www.alpha-dent.ch\/index.php?rest_route=%2Fwp%2Fv2%2Fmedia&parent=23"}],"curies":[{"name":"wp","href":"https:\/\/api.w.org\/{rel}","templated":true}]}}